{"id":35,"date":"2017-11-13T12:48:34","date_gmt":"2017-11-13T12:48:34","guid":{"rendered":"http:\/\/fewo-schluechtern.de\/?page_id=35"},"modified":"2021-05-26T15:00:17","modified_gmt":"2021-05-26T15:00:17","slug":"nuetzliche-links","status":"publish","type":"page","link":"https:\/\/fewo-schluechtern.de\/?page_id=35","title":{"rendered":"IN UND UM SCHL\u00dcCHTERN"},"content":{"rendered":"\n<figure class=\"wp-block-image size-large is-style-rounded\"><img decoding=\"async\" src=\"https:\/\/fewo-schluechtern.de\/wp-content\/uploads\/2017\/11\/3793868_schluechtern_ortsansicht-e1622023109215-1024x644.jpg\" alt=\"\" class=\"wp-image-78\"\/><\/figure>\n\n\n\n<h2 class=\"wp-block-heading\"><strong>Schl\u00fcchtern <\/strong>erleben&#8230;<\/h2>\n\n\n\n<figure class=\"wp-block-embed is-type-video is-provider-youtube wp-block-embed-youtube wp-embed-aspect-16-9 wp-has-aspect-ratio\"><div class=\"wp-block-embed__wrapper\">\n<iframe loading=\"lazy\" title=\"Imagefilm - Schl\u00fcchtern |  Luftkurort - Europastadt\" width=\"840\" height=\"473\" src=\"https:\/\/www.youtube.com\/embed\/k7-LFRkE-fM?feature=oembed\" frameborder=\"0\" allow=\"accelerometer; autoplay; clipboard-write; encrypted-media; gyroscope; picture-in-picture\" allowfullscreen><\/iframe>\n<\/div><\/figure>\n\n\n\n<p class=\"bodytext\">In Schl\u00fcchtern verbinden sich Tradition und Moderne in vielf\u00e4ltiger Weise &#8211; bei allem st\u00e4dtischen Charakter ist die l\u00e4ndliche Verwurzelung erhalten geblieben. Eingebettet zwischen den Ausl\u00e4ufern von Rh\u00f6n, Vogelsberg und Spessart liegt Schl\u00fcchtern im Bergwinkel. Durchflossen von der Kinzig, zahlreichen B\u00e4chen und Quellen erschlie\u00dft sich dieser abwechslungsreich mit W\u00e4ldern, Wiesen und Feldern. Dem Betrachter bieten sich wundersch\u00f6ne reizvolle Ein- und Ausblicke in eine durch Land- und Forstwirtschaft gepr\u00e4gte Landschaft.<\/p>\n\n\n\n<p class=\"bodytext\">Seit alters her ist Schl\u00fcchtern f\u00fcr die umliegenden Gemeinden ein Mittelpunktzentrum gewesen. Nach Schl\u00fcchtern ging man zum Arzt, zum Zahnarzt, zur Apotheke, zum Friseur, und nicht zuletzt zur Schule, denn Schl\u00fcchtern gilt als Schulstadt. Das ist bis heute so geblieben.<\/p>\n\n\n\n<p class=\"bodytext\">Durch die Gebietsreform 1969 und 1974 entstand die jetzige Gro\u00dfgemeinde mit insgesamt 13 Stadtteilen, Ahlersbach, Breitenbach, Elm, Gundhelm, Herolz, Hohenzell, Hutten, Klosterh\u00f6fe, Kressenbach, Niederzell, Schl\u00fcchtern, Vollmerz und Wallroth.<\/p>\n\n\n\n<p class=\"bodytext\">Im Zentrum Schl\u00fcchtern erg\u00e4nzen sich historische Geb\u00e4ude wie das ehemalige Benediktinerkloster, das Rathaus, das Gasthaus &#8222;Eckeb\u00e4cker&#8220;, die ehemalige Synagoge und das Lauter`sche Schl\u00f6sschen mit modernen Gesch\u00e4ftsbauten.<\/p>\n\n\n\n<p class=\"bodytext\">Seit jeher hat Schl\u00fcchtern ein pulsierendes Vereinsleben, das ein breitgef\u00e4chertes Freizeitangebot bereith\u00e4lt, ob Fu\u00dfball, Leichtathletik oder Handball, ob Gesang oder Orchester, ob Rotes Kreuz oder Malteser. Die Schl\u00fcchterner Vereine bieten f\u00fcr jeden interessierten Mitb\u00fcrger zahlreiche M\u00f6glichkeiten der Freizeitgestaltung.<\/p>\n\n\n\n<h2 class=\"wp-block-heading\"><strong>Aktivit\u00e4ten in und um SL\u00dc:<\/strong><\/h2>\n\n\n\n<p><a href=\"https:\/\/de.wikipedia.org\/wiki\/Schl%C3%BCchtern\">Schl\u00fcchtern &#8211; WIKIPEDIA<\/a><\/p>\n\n\n\n<p><a href=\"http:\/\/www.schluechtern.de\/freizeit-tourismus.html\">Schl\u00fcchtern &#8211; Freizeit &amp; Tourismus<\/a><\/p>\n\n\n\n<p><a href=\"http:\/\/www.erlebnispark-steinau.de\">Erlebnispark Steinau<\/a><\/p>\n\n\n\n<p><a href=\"http:\/\/www.tropfsteinhoehle-steinau.de\">Teufelsh\u00f6hle Steinau (Tropfsteinh\u00f6hle)<\/a><\/p>\n\n\n\n<p><a href=\"http:\/\/www.sommerrodelbahnen-wasserkuppe.de\/\">Wasserkuppe Sommer Arena (Rodelbahn etc.)<\/a><\/p>\n\n\n\n<p><a href=\"http:\/\/www.skilifte-wasserkuppe.de\/\">Wasserkuppe Winter Arena (Skilifte etc.)<\/a><\/p>\n","protected":false},"excerpt":{"rendered":"<p> <span class=\"readmore\"><a href=\"https:\/\/fewo-schluechtern.de\/?page_id=35\">Weiterlesen\u00a0\u2026<\/a><\/span><\/p>\n","protected":false},"author":1,"featured_media":78,"parent":50,"menu_order":0,"comment_status":"closed","ping_status":"closed","template":"","meta":{"footnotes":""},"_links":{"self":[{"href":"https:\/\/fewo-schluechtern.de\/index.php?rest_route=\/wp\/v2\/pages\/35"}],"collection":[{"href":"https:\/\/fewo-schluechtern.de\/index.php?rest_route=\/wp\/v2\/pages"}],"about":[{"href":"https:\/\/fewo-schluechtern.de\/index.php?rest_route=\/wp\/v2\/types\/page"}],"author":[{"embeddable":true,"href":"https:\/\/fewo-schluechtern.de\/index.php?rest_route=\/wp\/v2\/users\/1"}],"replies":[{"embeddable":true,"href":"https:\/\/fewo-schluechtern.de\/index.php?rest_route=%2Fwp%2Fv2%2Fcomments&post=35"}],"version-history":[{"count":10,"href":"https:\/\/fewo-schluechtern.de\/index.php?rest_route=\/wp\/v2\/pages\/35\/revisions"}],"predecessor-version":[{"id":207,"href":"https:\/\/fewo-schluechtern.de\/index.php?rest_route=\/wp\/v2\/pages\/35\/revisions\/207"}],"up":[{"embeddable":true,"href":"https:\/\/fewo-schluechtern.de\/index.php?rest_route=\/wp\/v2\/pages\/50"}],"wp:featuredmedia":[{"embeddable":true,"href":"https:\/\/fewo-schluechtern.de\/index.php?rest_route=\/wp\/v2\/media\/78"}],"wp:attachment":[{"href":"https:\/\/fewo-schluechtern.de\/index.php?rest_route=%2Fwp%2Fv2%2Fmedia&parent=35"}],"curies":[{"name":"wp","href":"https:\/\/api.w.org\/{rel}","templated":true}]}}